{"id":17196,"date":"2015-07-10T10:37:36","date_gmt":"2015-07-10T10:37:36","guid":{"rendered":"http:\/\/demo.thimpress.com\/resca\/?page_id=1668"},"modified":"2022-08-20T12:44:21","modified_gmt":"2022-08-20T12:44:21","slug":"gallery","status":"publish","type":"page","link":"http:\/\/tekoloji.com\/index.php\/gallery\/","title":{"rendered":"Galeri"},"content":{"rendered":"<div id=\"pl-17196\"  class=\"panel-layout\" ><div id=\"pg-17196-0\"  class=\"panel-grid panel-no-style\" ><div id=\"pgc-17196-0-0\"  class=\"panel-grid-cell\" ><div id=\"panel-17196-0-0-0\" class=\"so-panel widget widget_gallery panel-first-child\" data-index=\"0\" ><div class=\"thim-widget-gallery thim-widget-gallery-base template-base\"><\/div><\/div><div id=\"panel-17196-0-0-1\" class=\"so-panel widget widget_media_gallery panel-last-child\" data-index=\"1\" ><h3 class=\"widget-title\">\u00c7al\u0131\u015fkan Apart Kareleri<\/h3><div id='gallery-1' class='gallery galleryid-17196 gallery-columns-3 gallery-size-large'><figure class='gallery-item'>\n\t\t\t<div class='gallery-icon landscape'>\n\t\t\t\t<a href='http:\/\/tekoloji.com\/index.php\/gallery\/c13\/'><img width=\"640\" height=\"480\" src=\"http:\/\/tekoloji.com\/wp-content\/uploads\/2022\/08\/c13.jpg\" class=\"attachment-large size-large\" alt=\"\" loading=\"lazy\" srcset=\"http:\/\/tekoloji.com\/wp-content\/uploads\/2022\/08\/c13.jpg 960w, http:\/\/tekoloji.com\/wp-content\/uploads\/2022\/08\/c13-300x225.jpg 300w, http:\/\/tekoloji.com\/wp-content\/uploads\/2022\/08\/c13-768x576.jpg 768w, http:\/\/tekoloji.com\/wp-content\/uploads\/2022\/08\/c13-600x450.jpg 600w\" sizes=\"(max-width: 640px) 100vw, 640px\" \/><\/a>\n\t\t\t<\/div><\/figure><figure class='gallery-item'>\n\t\t\t<div class='gallery-icon landscape'>\n\t\t\t\t<a href='http:\/\/tekoloji.com\/index.php\/gallery\/c22\/'><img width=\"640\" height=\"360\" src=\"http:\/\/tekoloji.com\/wp-content\/uploads\/2022\/08\/c22.jpg\" class=\"attachment-large size-large\" alt=\"\" loading=\"lazy\" srcset=\"http:\/\/tekoloji.com\/wp-content\/uploads\/2022\/08\/c22.jpg 960w, http:\/\/tekoloji.com\/wp-content\/uploads\/2022\/08\/c22-300x169.jpg 300w, http:\/\/tekoloji.com\/wp-content\/uploads\/2022\/08\/c22-768x432.jpg 768w, http:\/\/tekoloji.com\/wp-content\/uploads\/2022\/08\/c22-600x338.jpg 600w\" sizes=\"(max-width: 640px) 100vw, 640px\" \/><\/a>\n\t\t\t<\/div><\/figure><figure class='gallery-item'>\n\t\t\t<div class='gallery-icon landscape'>\n\t\t\t\t<a href='http:\/\/tekoloji.com\/index.php\/home-02\/c3\/'><img width=\"640\" height=\"480\" src=\"http:\/\/tekoloji.com\/wp-content\/uploads\/2022\/08\/c3.jpg\" class=\"attachment-large size-large\" alt=\"\" loading=\"lazy\" srcset=\"http:\/\/tekoloji.com\/wp-content\/uploads\/2022\/08\/c3.jpg 960w, http:\/\/tekoloji.com\/wp-content\/uploads\/2022\/08\/c3-300x225.jpg 300w, http:\/\/tekoloji.com\/wp-content\/uploads\/2022\/08\/c3-768x576.jpg 768w, http:\/\/tekoloji.com\/wp-content\/uploads\/2022\/08\/c3-600x450.jpg 600w\" sizes=\"(max-width: 640px) 100vw, 640px\" \/><\/a>\n\t\t\t<\/div><\/figure><figure class='gallery-item'>\n\t\t\t<div class='gallery-icon landscape'>\n\t\t\t\t<a href='http:\/\/tekoloji.com\/index.php\/gallery\/c18-2\/'><img width=\"640\" height=\"360\" src=\"http:\/\/tekoloji.com\/wp-content\/uploads\/2022\/08\/c18-1.jpg\" class=\"attachment-large size-large\" alt=\"\" loading=\"lazy\" srcset=\"http:\/\/tekoloji.com\/wp-content\/uploads\/2022\/08\/c18-1.jpg 960w, http:\/\/tekoloji.com\/wp-content\/uploads\/2022\/08\/c18-1-300x169.jpg 300w, http:\/\/tekoloji.com\/wp-content\/uploads\/2022\/08\/c18-1-768x432.jpg 768w, http:\/\/tekoloji.com\/wp-content\/uploads\/2022\/08\/c18-1-600x338.jpg 600w\" sizes=\"(max-width: 640px) 100vw, 640px\" \/><\/a>\n\t\t\t<\/div><\/figure><figure class='gallery-item'>\n\t\t\t<div class='gallery-icon landscape'>\n\t\t\t\t<a href='http:\/\/tekoloji.com\/c19\/'><img width=\"640\" height=\"521\" src=\"http:\/\/tekoloji.com\/wp-content\/uploads\/2022\/08\/c19.jpg\" class=\"attachment-large size-large\" alt=\"\" loading=\"lazy\" srcset=\"http:\/\/tekoloji.com\/wp-content\/uploads\/2022\/08\/c19.jpg 1024w, http:\/\/tekoloji.com\/wp-content\/uploads\/2022\/08\/c19-300x244.jpg 300w, http:\/\/tekoloji.com\/wp-content\/uploads\/2022\/08\/c19-768x625.jpg 768w, http:\/\/tekoloji.com\/wp-content\/uploads\/2022\/08\/c19-600x488.jpg 600w\" sizes=\"(max-width: 640px) 100vw, 640px\" \/><\/a>\n\t\t\t<\/div><\/figure><figure class='gallery-item'>\n\t\t\t<div class='gallery-icon portrait'>\n\t\t\t\t<a href='http:\/\/tekoloji.com\/index.php\/gallery\/c15\/'><img width=\"640\" height=\"853\" src=\"http:\/\/tekoloji.com\/wp-content\/uploads\/2022\/08\/c15.jpg\" class=\"attachment-large size-large\" alt=\"\" loading=\"lazy\" srcset=\"http:\/\/tekoloji.com\/wp-content\/uploads\/2022\/08\/c15.jpg 720w, http:\/\/tekoloji.com\/wp-content\/uploads\/2022\/08\/c15-225x300.jpg 225w, http:\/\/tekoloji.com\/wp-content\/uploads\/2022\/08\/c15-600x800.jpg 600w\" sizes=\"(max-width: 640px) 100vw, 640px\" \/><\/a>\n\t\t\t<\/div><\/figure><figure class='gallery-item'>\n\t\t\t<div class='gallery-icon portrait'>\n\t\t\t\t<a href='http:\/\/tekoloji.com\/index.php\/gallery\/c14\/'><img width=\"640\" height=\"853\" src=\"http:\/\/tekoloji.com\/wp-content\/uploads\/2022\/08\/c14.jpg\" class=\"attachment-large size-large\" alt=\"\" loading=\"lazy\" srcset=\"http:\/\/tekoloji.com\/wp-content\/uploads\/2022\/08\/c14.jpg 720w, http:\/\/tekoloji.com\/wp-content\/uploads\/2022\/08\/c14-225x300.jpg 225w, http:\/\/tekoloji.com\/wp-content\/uploads\/2022\/08\/c14-600x800.jpg 600w\" sizes=\"(max-width: 640px) 100vw, 640px\" \/><\/a>\n\t\t\t<\/div><\/figure><figure class='gallery-item'>\n\t\t\t<div class='gallery-icon landscape'>\n\t\t\t\t<a href='http:\/\/tekoloji.com\/index.php\/gallery\/c7\/'><img width=\"640\" height=\"480\" src=\"http:\/\/tekoloji.com\/wp-content\/uploads\/2022\/08\/c7.jpg\" class=\"attachment-large size-large\" alt=\"\" loading=\"lazy\" srcset=\"http:\/\/tekoloji.com\/wp-content\/uploads\/2022\/08\/c7.jpg 960w, http:\/\/tekoloji.com\/wp-content\/uploads\/2022\/08\/c7-300x225.jpg 300w, http:\/\/tekoloji.com\/wp-content\/uploads\/2022\/08\/c7-768x576.jpg 768w, http:\/\/tekoloji.com\/wp-content\/uploads\/2022\/08\/c7-600x450.jpg 600w\" sizes=\"(max-width: 640px) 100vw, 640px\" \/><\/a>\n\t\t\t<\/div><\/figure><figure class='gallery-item'>\n\t\t\t<div class='gallery-icon landscape'>\n\t\t\t\t<a href='http:\/\/tekoloji.com\/index.php\/gallery\/c6\/'><img width=\"640\" height=\"480\" src=\"http:\/\/tekoloji.com\/wp-content\/uploads\/2022\/08\/c6.jpg\" class=\"attachment-large size-large\" alt=\"\" loading=\"lazy\" srcset=\"http:\/\/tekoloji.com\/wp-content\/uploads\/2022\/08\/c6.jpg 960w, http:\/\/tekoloji.com\/wp-content\/uploads\/2022\/08\/c6-300x225.jpg 300w, http:\/\/tekoloji.com\/wp-content\/uploads\/2022\/08\/c6-768x576.jpg 768w, http:\/\/tekoloji.com\/wp-content\/uploads\/2022\/08\/c6-600x450.jpg 600w\" sizes=\"(max-width: 640px) 100vw, 640px\" \/><\/a>\n\t\t\t<\/div><\/figure><figure class='gallery-item'>\n\t\t\t<div class='gallery-icon landscape'>\n\t\t\t\t<a href='http:\/\/tekoloji.com\/index.php\/gallery\/c4\/'><img width=\"640\" height=\"480\" src=\"http:\/\/tekoloji.com\/wp-content\/uploads\/2022\/08\/c4.jpg\" class=\"attachment-large size-large\" alt=\"\" loading=\"lazy\" srcset=\"http:\/\/tekoloji.com\/wp-content\/uploads\/2022\/08\/c4.jpg 960w, http:\/\/tekoloji.com\/wp-content\/uploads\/2022\/08\/c4-300x225.jpg 300w, http:\/\/tekoloji.com\/wp-content\/uploads\/2022\/08\/c4-768x576.jpg 768w, http:\/\/tekoloji.com\/wp-content\/uploads\/2022\/08\/c4-600x450.jpg 600w\" sizes=\"(max-width: 640px) 100vw, 640px\" \/><\/a>\n\t\t\t<\/div><\/figure><figure class='gallery-item'>\n\t\t\t<div class='gallery-icon landscape'>\n\t\t\t\t<a href='http:\/\/tekoloji.com\/c5\/'><img width=\"640\" height=\"480\" src=\"http:\/\/tekoloji.com\/wp-content\/uploads\/2022\/08\/c5.jpg\" class=\"attachment-large size-large\" alt=\"\" loading=\"lazy\" srcset=\"http:\/\/tekoloji.com\/wp-content\/uploads\/2022\/08\/c5.jpg 960w, http:\/\/tekoloji.com\/wp-content\/uploads\/2022\/08\/c5-300x225.jpg 300w, http:\/\/tekoloji.com\/wp-content\/uploads\/2022\/08\/c5-768x576.jpg 768w, http:\/\/tekoloji.com\/wp-content\/uploads\/2022\/08\/c5-600x450.jpg 600w\" sizes=\"(max-width: 640px) 100vw, 640px\" \/><\/a>\n\t\t\t<\/div><\/figure><figure class='gallery-item'>\n\t\t\t<div class='gallery-icon portrait'>\n\t\t\t\t<a href='http:\/\/tekoloji.com\/index.php\/gallery\/c16\/'><img width=\"640\" height=\"853\" src=\"http:\/\/tekoloji.com\/wp-content\/uploads\/2022\/08\/c16.jpg\" class=\"attachment-large size-large\" alt=\"\" loading=\"lazy\" srcset=\"http:\/\/tekoloji.com\/wp-content\/uploads\/2022\/08\/c16.jpg 720w, http:\/\/tekoloji.com\/wp-content\/uploads\/2022\/08\/c16-225x300.jpg 225w, http:\/\/tekoloji.com\/wp-content\/uploads\/2022\/08\/c16-600x800.jpg 600w\" sizes=\"(max-width: 640px) 100vw, 640px\" \/><\/a>\n\t\t\t<\/div><\/figure><figure class='gallery-item'>\n\t\t\t<div class='gallery-icon portrait'>\n\t\t\t\t<a href='http:\/\/tekoloji.com\/index.php\/gallery\/c17\/'><img width=\"640\" height=\"853\" src=\"http:\/\/tekoloji.com\/wp-content\/uploads\/2022\/08\/c17.jpg\" class=\"attachment-large size-large\" alt=\"\" loading=\"lazy\" srcset=\"http:\/\/tekoloji.com\/wp-content\/uploads\/2022\/08\/c17.jpg 720w, http:\/\/tekoloji.com\/wp-content\/uploads\/2022\/08\/c17-225x300.jpg 225w, http:\/\/tekoloji.com\/wp-content\/uploads\/2022\/08\/c17-600x800.jpg 600w\" sizes=\"(max-width: 640px) 100vw, 640px\" \/><\/a>\n\t\t\t<\/div><\/figure><figure class='gallery-item'>\n\t\t\t<div class='gallery-icon landscape'>\n\t\t\t\t<a href='http:\/\/tekoloji.com\/index.php\/gallery\/c18\/'><img width=\"640\" height=\"360\" src=\"http:\/\/tekoloji.com\/wp-content\/uploads\/2022\/08\/c18.jpg\" class=\"attachment-large size-large\" alt=\"\" loading=\"lazy\" srcset=\"http:\/\/tekoloji.com\/wp-content\/uploads\/2022\/08\/c18.jpg 960w, http:\/\/tekoloji.com\/wp-content\/uploads\/2022\/08\/c18-300x169.jpg 300w, http:\/\/tekoloji.com\/wp-content\/uploads\/2022\/08\/c18-768x432.jpg 768w, http:\/\/tekoloji.com\/wp-content\/uploads\/2022\/08\/c18-600x338.jpg 600w\" sizes=\"(max-width: 640px) 100vw, 640px\" \/><\/a>\n\t\t\t<\/div><\/figure><figure class='gallery-item'>\n\t\t\t<div class='gallery-icon portrait'>\n\t\t\t\t<a href='http:\/\/tekoloji.com\/c10\/'><img width=\"640\" height=\"853\" src=\"http:\/\/tekoloji.com\/wp-content\/uploads\/2022\/08\/c10.jpg\" class=\"attachment-large size-large\" alt=\"\" loading=\"lazy\" srcset=\"http:\/\/tekoloji.com\/wp-content\/uploads\/2022\/08\/c10.jpg 720w, http:\/\/tekoloji.com\/wp-content\/uploads\/2022\/08\/c10-225x300.jpg 225w, http:\/\/tekoloji.com\/wp-content\/uploads\/2022\/08\/c10-600x800.jpg 600w\" sizes=\"(max-width: 640px) 100vw, 640px\" \/><\/a>\n\t\t\t<\/div><\/figure><figure class='gallery-item'>\n\t\t\t<div class='gallery-icon landscape'>\n\t\t\t\t<a href='http:\/\/tekoloji.com\/c21\/'><img width=\"640\" height=\"360\" src=\"http:\/\/tekoloji.com\/wp-content\/uploads\/2022\/08\/c21-1024x576.jpg\" class=\"attachment-large size-large\" alt=\"\" loading=\"lazy\" srcset=\"http:\/\/tekoloji.com\/wp-content\/uploads\/2022\/08\/c21-1024x576.jpg 1024w, http:\/\/tekoloji.com\/wp-content\/uploads\/2022\/08\/c21-300x169.jpg 300w, http:\/\/tekoloji.com\/wp-content\/uploads\/2022\/08\/c21-768x432.jpg 768w, http:\/\/tekoloji.com\/wp-content\/uploads\/2022\/08\/c21-1536x864.jpg 1536w, http:\/\/tekoloji.com\/wp-content\/uploads\/2022\/08\/c21-600x338.jpg 600w, http:\/\/tekoloji.com\/wp-content\/uploads\/2022\/08\/c21.jpg 1706w\" sizes=\"(max-width: 640px) 100vw, 640px\" \/><\/a>\n\t\t\t<\/div><\/figure><figure class='gallery-item'>\n\t\t\t<div class='gallery-icon landscape'>\n\t\t\t\t<a href='http:\/\/tekoloji.com\/index.php\/rooms\/double-room-4\/c22-2\/'><img width=\"640\" height=\"360\" src=\"http:\/\/tekoloji.com\/wp-content\/uploads\/2015\/10\/c22.jpg\" class=\"attachment-large size-large\" alt=\"\" loading=\"lazy\" srcset=\"http:\/\/tekoloji.com\/wp-content\/uploads\/2015\/10\/c22.jpg 960w, http:\/\/tekoloji.com\/wp-content\/uploads\/2015\/10\/c22-300x169.jpg 300w, http:\/\/tekoloji.com\/wp-content\/uploads\/2015\/10\/c22-768x432.jpg 768w, http:\/\/tekoloji.com\/wp-content\/uploads\/2015\/10\/c22-600x338.jpg 600w\" sizes=\"(max-width: 640px) 100vw, 640px\" \/><\/a>\n\t\t\t<\/div><\/figure><figure class='gallery-item'>\n\t\t\t<div class='gallery-icon landscape'>\n\t\t\t\t<a href='http:\/\/tekoloji.com\/index.php\/gallery\/c1-2\/'><img width=\"640\" height=\"480\" src=\"http:\/\/tekoloji.com\/wp-content\/uploads\/2022\/08\/c1-1.jpg\" class=\"attachment-large size-large\" alt=\"\" loading=\"lazy\" srcset=\"http:\/\/tekoloji.com\/wp-content\/uploads\/2022\/08\/c1-1.jpg 960w, http:\/\/tekoloji.com\/wp-content\/uploads\/2022\/08\/c1-1-300x225.jpg 300w, http:\/\/tekoloji.com\/wp-content\/uploads\/2022\/08\/c1-1-768x576.jpg 768w, http:\/\/tekoloji.com\/wp-content\/uploads\/2022\/08\/c1-1-600x450.jpg 600w\" sizes=\"(max-width: 640px) 100vw, 640px\" \/><\/a>\n\t\t\t<\/div><\/figure><figure class='gallery-item'>\n\t\t\t<div class='gallery-icon landscape'>\n\t\t\t\t<a href='http:\/\/tekoloji.com\/c3-2\/'><img width=\"640\" height=\"480\" src=\"http:\/\/tekoloji.com\/wp-content\/uploads\/2022\/08\/c3-1.jpg\" class=\"attachment-large size-large\" alt=\"\" loading=\"lazy\" srcset=\"http:\/\/tekoloji.com\/wp-content\/uploads\/2022\/08\/c3-1.jpg 960w, http:\/\/tekoloji.com\/wp-content\/uploads\/2022\/08\/c3-1-300x225.jpg 300w, http:\/\/tekoloji.com\/wp-content\/uploads\/2022\/08\/c3-1-768x576.jpg 768w, http:\/\/tekoloji.com\/wp-content\/uploads\/2022\/08\/c3-1-600x450.jpg 600w\" sizes=\"(max-width: 640px) 100vw, 640px\" \/><\/a>\n\t\t\t<\/div><\/figure>\n\t\t<\/div>\n<\/div><\/div><\/div><\/div>","protected":false},"excerpt":{"rendered":"<p>\u00c7al\u0131\u015fkan Apart Kareleri<\/p>\n<p>\t\t\t<br \n<\/p>\n","protected":false},"author":1,"featured_media":17420,"parent":0,"menu_order":0,"comment_status":"closed","ping_status":"open","template":"","meta":[],"_links":{"self":[{"href":"http:\/\/tekoloji.com\/index.php\/wp-json\/wp\/v2\/pages\/17196"}],"collection":[{"href":"http:\/\/tekoloji.com\/index.php\/wp-json\/wp\/v2\/pages"}],"about":[{"href":"http:\/\/tekoloji.com\/index.php\/wp-json\/wp\/v2\/types\/page"}],"author":[{"embeddable":true,"href":"http:\/\/tekoloji.com\/index.php\/wp-json\/wp\/v2\/users\/1"}],"replies":[{"embeddable":true,"href":"http:\/\/tekoloji.com\/index.php\/wp-json\/wp\/v2\/comments?post=17196"}],"version-history":[{"count":7,"href":"http:\/\/tekoloji.com\/index.php\/wp-json\/wp\/v2\/pages\/17196\/revisions"}],"predecessor-version":[{"id":17556,"href":"http:\/\/tekoloji.com\/index.php\/wp-json\/wp\/v2\/pages\/17196\/revisions\/17556"}],"wp:featuredmedia":[{"embeddable":true,"href":"http:\/\/tekoloji.com\/index.php\/wp-json\/wp\/v2\/media\/17420"}],"wp:attachment":[{"href":"http:\/\/tekoloji.com\/index.php\/wp-json\/wp\/v2\/media?parent=17196"}],"curies":[{"name":"wp","href":"https:\/\/api.w.org\/{rel}","templated":true}]}}