{"id":17167,"date":"2022-08-17T07:33:42","date_gmt":"2022-08-17T07:33:42","guid":{"rendered":"http:\/\/tekoloji.com\/index.php\/hotel-search\/"},"modified":"2022-08-17T07:33:42","modified_gmt":"2022-08-17T07:33:42","slug":"hotel-search","status":"publish","type":"page","link":"http:\/\/tekoloji.com\/index.php\/hotel-search\/","title":{"rendered":"Hotel Booking Search"},"content":{"rendered":"<div id=\"hotel-booking-search-69f387aedd93b\" class=\"hotel-booking-search col-4\">\n\t\t<form name=\"hb-search-form\" action=\"http:\/\/tekoloji.com\/index.php\/hotel-search\/\"\n\t      class=\"hb-search-form-69f387aedd8db\">\n\t\t<ul class=\"hb-form-table\">\n\t\t\t<li class=\"hb-form-field\">\n\t\t\t\t<div class=\"hb-form-field-input hb_input_field\">\n\t\t\t\t\t<input type=\"text\" name=\"check_in_date\" id=\"check_in_date_69f387aedd8db\"\n\t\t\t\t\t       class=\"hb_input_date_check\" value=\"\"\n\t\t\t\t\t       placeholder=\"Ba\u015flang\u0131\u00e7 Tarihi\" readonly=\"readonly\" \/>\n\t\t\t\t<\/div>\n\t\t\t<\/li>\n\n\t\t\t<li class=\"hb-form-field\">\n\t\t\t\t<div class=\"hb-form-field-input hb_input_field\">\n\t\t\t\t\t<input type=\"text\" name=\"check_out_date\" id=\"check_out_date_69f387aedd8db\"\n\t\t\t\t\t       class=\"hb_input_date_check\" value=\"\"\n\t\t\t\t\t       placeholder=\"Biti\u015fTarihi\" readonly=\"readonly\" \/>\n\t\t\t\t<\/div>\n\t\t\t<\/li>\n\t\t\t\t\t\t\t<li class=\"hb-form-field\">\n\t\t\t\t\t<div class=\"hb-form-field-input\">\n\t\t\t\t\t\t<select name=\"adults_capacity\" ><option value=\"0\">Yeti\u015fkin<\/option><option value=\"1\">1<\/option><option value=\"2\">2<\/option><\/select>\t\t\t\t\t<\/div>\n\t\t\t\t<\/li>\n\t\t\t\t\t\t\t\t\t\t<li class=\"hb-form-field\">\n\t\t\t\t\t<div class=\"hb-form-field-input\">\n\t\t\t\t\t\t<select name=\"max_child\" ><option value=\"0\">\u00c7ocuk<\/option><option value=\"1\">1<\/option><option value=\"2\">2<\/option><option value=\"3\">3<\/option><option value=\"4\">4<\/option><\/select>\t\t\t\t\t<\/div>\n\t\t\t\t<\/li>\n\t\t\t\t\t<\/ul>\n\t\t<input type=\"hidden\" id=\"nonce\" name=\"nonce\" value=\"da3f3df063\" \/><input type=\"hidden\" name=\"_wp_http_referer\" value=\"\/index.php\/wp-json\/wp\/v2\/pages\/17167\" \/>\t\t<input type=\"hidden\" name=\"hotel-booking\" value=\"results\" \/>\n\t\t<input type=\"hidden\" name=\"widget-search\"\n\t\t       value=\"\" \/>\n\t\t<input type=\"hidden\" name=\"action\" value=\"hotel_booking_parse_search_params\" \/>\n\t\t<p class=\"hb-submit\">\n\t\t\t<button type=\"submit\">M\u00fcsaitlik Sorgula<\/button>\n\t\t<\/p>\n\t<\/form>\n<\/div>","protected":false},"excerpt":{"rendered":"<p>\t\t\t\t\t\tYeti\u015fkin12\t\t\t\t\t<\/p>\n<p>\t\t\t\t\t\t\u00c7ocuk1234\t\t\t\t\t<\/p>\n<p>\n\t\t\tM\u00fcsaitlik Sorgula<\/p>\n<p><\/p>\n","protected":false},"author":1,"featured_media":0,"parent":0,"menu_order":0,"comment_status":"closed","ping_status":"closed","template":"","meta":[],"_links":{"self":[{"href":"http:\/\/tekoloji.com\/index.php\/wp-json\/wp\/v2\/pages\/17167"}],"collection":[{"href":"http:\/\/tekoloji.com\/index.php\/wp-json\/wp\/v2\/pages"}],"about":[{"href":"http:\/\/tekoloji.com\/index.php\/wp-json\/wp\/v2\/types\/page"}],"author":[{"embeddable":true,"href":"http:\/\/tekoloji.com\/index.php\/wp-json\/wp\/v2\/users\/1"}],"replies":[{"embeddable":true,"href":"http:\/\/tekoloji.com\/index.php\/wp-json\/wp\/v2\/comments?post=17167"}],"version-history":[{"count":0,"href":"http:\/\/tekoloji.com\/index.php\/wp-json\/wp\/v2\/pages\/17167\/revisions"}],"wp:attachment":[{"href":"http:\/\/tekoloji.com\/index.php\/wp-json\/wp\/v2\/media?parent=17167"}],"curies":[{"name":"wp","href":"https:\/\/api.w.org\/{rel}","templated":true}]}}