{"id":14,"date":"2015-07-06T08:33:48","date_gmt":"2015-07-06T08:33:48","guid":{"rendered":"http:\/\/demo.thimpress.com\/resca\/?page_id=14"},"modified":"2022-08-20T13:28:10","modified_gmt":"2022-08-20T13:28:10","slug":"contact-us","status":"publish","type":"page","link":"http:\/\/tekoloji.com\/index.php\/contact-us\/","title":{"rendered":"Contact Us"},"content":{"rendered":"<div id=\"pl-14\"  class=\"panel-layout\" ><div id=\"pg-14-0\"  class=\"panel-grid panel-no-style\" ><div id=\"pgc-14-0-0\"  class=\"panel-grid-cell\" ><div id=\"panel-14-0-0-0\" class=\"so-panel widget widget_icon-box panel-first-child\" data-index=\"0\" ><div class=\"panel-widget-style panel-widget-style-for-14-0-0-0\" ><div class=\"thim-widget-icon-box thim-widget-icon-box-base template-base\"><div class=\"inner-box \"><div  class=\"wrapper-box-icon text-center  \" ><div class=\"smicon-box iconbox-top\"><div class=\"boxes-icon\" style=\"width: 60px;\"><span class=\"inner-icon\"><span class=\"icon\"><i class=\"fa fa-bell-o\" style=\" font-size:30px; line-height:30px; vertical-align: middle;\"><\/i><\/span><\/span><\/div><div class=\"content-inner\" ><div class=\"sc-heading article_heading\"><h2 class = \"heading__primary\" >ileti\u015fime Ge\u00e7<\/h2><\/div><div class=\"desc-icon-box\"><div >Sosyal medyada da aktifiz. bizi bulabilirsin <br \/><\/div><\/div><\/div><\/div><!--end smicon-box--><\/div><\/div><style>\n\t.smicon-read:hover{\n\t\tcolor: !important;\n\t\tbackground: !important;\n\t}\n\t.smicon-box .boxes-icon:hover{\n\t\tcolor: !important;\n\t\tborder-color: !important;\n\t\tbackground-color:  !important;\n\t}\n\t.smicon-box .boxes-icon:hover .icon i{\n\t\tcolor: !important;\n\t}\n<\/style><\/div><\/div><\/div><div id=\"panel-14-0-0-1\" class=\"so-panel widget widget_icon-box\" data-index=\"1\" ><div class=\"panel-widget-style panel-widget-style-for-14-0-0-1\" ><div class=\"thim-widget-icon-box thim-widget-icon-box-base template-base\"><div class=\"inner-box \"><div  class=\"wrapper-box-icon text-center  \" ><div class=\"smicon-box iconbox-top\"><div class=\"boxes-icon\" style=\"width: 50px;\"><span class=\"inner-icon\"><span class=\"icon\"><i class=\"fa fa-map-marker\" style=\"color:#2eb0d1; font-size:20px; line-height:20px; vertical-align: middle;\"><\/i><\/span><\/span><\/div><div class=\"content-inner\" ><div class=\"desc-icon-box\"><div >Yukar\u0131 Sk. NO: 3\/1, 57000 Bostanc\u0131l\u0131\/\nSinop Merkez\/Sinop\n<br \/>\n<\/div><\/div><\/div><\/div><!--end smicon-box--><\/div><\/div><style>\n\t.smicon-read:hover{\n\t\tcolor: !important;\n\t\tbackground: !important;\n\t}\n\t.smicon-box .boxes-icon:hover{\n\t\tcolor: !important;\n\t\tborder-color: !important;\n\t\tbackground-color:  !important;\n\t}\n\t.smicon-box .boxes-icon:hover .icon i{\n\t\tcolor: !important;\n\t}\n<\/style><\/div><\/div><\/div><div id=\"panel-14-0-0-2\" class=\"so-panel widget widget_icon-box\" data-index=\"2\" ><div class=\"panel-widget-style panel-widget-style-for-14-0-0-2\" ><div class=\"thim-widget-icon-box thim-widget-icon-box-base template-base\"><div class=\"inner-box \"><div  class=\"wrapper-box-icon text-center  \" ><div class=\"smicon-box iconbox-top\"><div class=\"boxes-icon\" style=\"width: 50px;\"><span class=\"inner-icon\"><span class=\"icon\"><i class=\"fa fa-clock-o\" style=\"color:#2eb0d1; font-size:20px; line-height:20px; vertical-align: middle;\"><\/i><\/span><\/span><\/div><div class=\"content-inner\" ><div class=\"desc-icon-box\"><div >7-24<br \/>\nPazartesi - Pazar<br \/>\n<br \/>\nBizi Aray\u0131n <a href=\"tel:0368 261 09 98\" class=\"value\"><b>0368 261 09 98<\/b><\/a><br \/>\nE-posta<a href=\"caliskanapart@caliskan.com\"><b>caliskanapart@caliskan.com<\/b><\/a><\/div><\/div><\/div><\/div><!--end smicon-box--><\/div><\/div><style>\n\t.smicon-read:hover{\n\t\tcolor: !important;\n\t\tbackground: !important;\n\t}\n\t.smicon-box .boxes-icon:hover{\n\t\tcolor: !important;\n\t\tborder-color: !important;\n\t\tbackground-color:  !important;\n\t}\n\t.smicon-box .boxes-icon:hover .icon i{\n\t\tcolor: !important;\n\t}\n<\/style><\/div><\/div><\/div><div id=\"panel-14-0-0-3\" class=\"so-panel widget widget_social panel-last-child\" data-index=\"3\" ><div class=\"text-center panel-widget-style panel-widget-style-for-14-0-0-3\" ><div class=\"thim-widget-social thim-widget-social-base template-base\"><div class=\"thim-social version-old\">\n\t\t<ul class=\"social_link\">\n\t\t<li><a class=\"face hasTooltip\"  href=\"#\" target=\"_self\"><i class=\"fa fa-facebook\"><\/i><\/a><\/li><li><a class=\"twitter hasTooltip\"  href=\"#\" target=\"_self\" ><i class=\"fa fa-twitter\"><\/i><\/a><\/li><li><a class=\"google hasTooltip\"  href=\"#\" target=\"_self\" ><i class=\"fa fa-google-plus\"><\/i><\/a><\/li><li><a class=\"youtube hasTooltip\"  href=\"#\" target=\"_self\" ><i class=\"fa fa-youtube\"><\/i><\/a><\/li>\t<\/ul>\n<\/div><\/div><\/div><\/div><\/div><div id=\"pgc-14-0-1\"  class=\"panel-grid-cell\" ><div id=\"panel-14-0-1-0\" class=\"so-panel widget widget_icon-box panel-first-child\" data-index=\"4\" ><div class=\"thim-widget-icon-box thim-widget-icon-box-base template-base\"><div class=\"inner-box \"><div  class=\"wrapper-box-icon text-center  \" ><div class=\"smicon-box iconbox-top\"><div class=\"boxes-icon\" style=\"width: 60px;\"><span class=\"inner-icon\"><span class=\"icon\"><i class=\"fa fa-envelope-o\" style=\" font-size:30px; line-height:30px; vertical-align: middle;\"><\/i><\/span><\/span><\/div><div class=\"content-inner\" ><div class=\"sc-heading article_heading\"><h2 class = \"heading__primary\" >Mesaj G\u00f6nder<\/h2><\/div><div class=\"desc-icon-box\"><div >Akl\u0131n\u0131zda bize s\u00f6ylemek istedi\u011finiz bir \u015fey var m\u0131? L\u00fctfen ileti\u015fim formumuz arac\u0131l\u0131\u011f\u0131yla bizimle ileti\u015fime ge\u00e7mekten \u00e7ekinmeyin.<\/div><\/div><\/div><\/div><!--end smicon-box--><\/div><\/div><style>\n\t.smicon-read:hover{\n\t\tcolor: !important;\n\t\tbackground: !important;\n\t}\n\t.smicon-box .boxes-icon:hover{\n\t\tcolor: !important;\n\t\tborder-color: !important;\n\t\tbackground-color:  !important;\n\t}\n\t.smicon-box .boxes-icon:hover .icon i{\n\t\tcolor: !important;\n\t}\n<\/style><\/div><\/div><div id=\"panel-14-0-1-1\" class=\"so-panel widget widget_text panel-last-child\" data-index=\"5\" ><div class=\"panel-widget-style panel-widget-style-for-14-0-1-1\" >\t\t\t<div class=\"textwidget\"><div role=\"form\" class=\"wpcf7\" id=\"wpcf7-f1915-o1\" lang=\"en-US\" dir=\"ltr\">\n<div class=\"screen-reader-response\"><p role=\"status\" aria-live=\"polite\" aria-atomic=\"true\"><\/p> <ul><\/ul><\/div>\n<form action=\"\/index.php\/wp-json\/wp\/v2\/pages\/14#wpcf7-f1915-o1\" method=\"post\" class=\"wpcf7-form init\" novalidate=\"novalidate\" data-status=\"init\">\n<div style=\"display: none;\">\n<input type=\"hidden\" name=\"_wpcf7\" value=\"1915\" \/>\n<input type=\"hidden\" name=\"_wpcf7_version\" value=\"5.6.2\" \/>\n<input type=\"hidden\" name=\"_wpcf7_locale\" value=\"en_US\" \/>\n<input type=\"hidden\" name=\"_wpcf7_unit_tag\" value=\"wpcf7-f1915-o1\" \/>\n<input type=\"hidden\" name=\"_wpcf7_container_post\" value=\"0\" \/>\n<input type=\"hidden\" name=\"_wpcf7_posted_data_hash\" value=\"\" \/>\n<\/div>\n<div class=\"row\">\n<div class=\"col-sm-6\"><span class=\"wpcf7-form-control-wrap\" data-name=\"your-name\"><input type=\"text\" name=\"your-name\" value=\"\" size=\"40\" class=\"wpcf7-form-control wpcf7-text\" aria-invalid=\"false\" placeholder=\"Full Name\" \/><\/span><\/div>\n<div class=\"col-sm-6\"><span class=\"wpcf7-form-control-wrap\" data-name=\"your-email\"><input type=\"email\" name=\"your-email\" value=\"\" size=\"40\" class=\"wpcf7-form-control wpcf7-text wpcf7-email wpcf7-validates-as-required wpcf7-validates-as-email\" aria-required=\"true\" aria-invalid=\"false\" placeholder=\"Your Email\" \/><\/span><\/div>\n<\/div>\n<div class=\"row\">\n<div class=\"col-sm-12\"><span class=\"wpcf7-form-control-wrap\" data-name=\"your-subject\"><input type=\"text\" name=\"your-subject\" value=\"\" size=\"40\" class=\"wpcf7-form-control wpcf7-text\" aria-invalid=\"false\" placeholder=\"Subject\" \/><\/span><\/div>\n<\/div>\n<div class=\"row\">\n<div class=\"col-sm-12\"><span class=\"wpcf7-form-control-wrap\" data-name=\"your-message\"><textarea name=\"your-message\" cols=\"40\" rows=\"10\" class=\"wpcf7-form-control wpcf7-textarea\" aria-invalid=\"false\" placeholder=\"Your Massage\"><\/textarea><\/span><\/div>\n<\/div>\n<p><input type=\"submit\" value=\"Send Message\" class=\"wpcf7-form-control has-spinner wpcf7-submit\" \/><\/p>\n<div class=\"wpcf7-response-output\" aria-hidden=\"true\"><\/div><\/form><\/div><\/div>\n\t\t<\/div><\/div><\/div><\/div><div id=\"pg-14-1\"  class=\"panel-grid panel-has-style\" ><div class=\"siteorigin-panels-stretch thim-fix-stretched panel-row-style panel-row-style-for-14-1\" data-stretch-type=\"full-stretched\" ><div id=\"pgc-14-1-0\"  class=\"panel-grid-cell\" ><div id=\"panel-14-1-0-0\" class=\"so-panel widget widget_google-map panel-first-child panel-last-child\" data-index=\"6\" ><div class=\"thim-widget-google-map thim-widget-google-map-base template-base\">\t<div class=\"kcf-module\">\n\t\t<div\n\t\t\tclass=\"ob-google-map-canvas\"\n\t\t\tstyle=\"height:480px;\"\n\t\t\tid=\"ob-map-canvas-8333a4bc9ebc4f6bca9807a7f3671767\"\n\t\t\t\t\t\t\t\t\t\t\t\tdata-display_by=\"address\"\t\t\t\t\t\t\t\t\t\t\t\t\t\t\t\tdata-lat=\"41.95675\"\t\t\t\t\t\t\t\t\t\t\t\t\t\t\t\tdata-lng=\"-74.545448\"\t\t\t\t\t\t\t\t\t\t\t\t\t\t\t\tdata-address=\"58 Sharrocks Road, Mount Egerton VIC 3352, Australia\"\t\t\t\t\t\t\t\t\t\t\t\t\t\t\t\tdata-zoom=\"12\"\t\t\t\t\t\t\t\t\t\t\t\t\t\t\t\t\t\t\t\t\t\t\tdata-draggable=\"1\"\t\t\t\t\t\t\t\t\t\t\t\t\t\t\t\t\t\t\t\t\t\t\tdata-marker-at-center=\"1\"\t\t\t\t\t\t\t\t\t\t\t\t\t\t\t\tdata-marker-positions=\"false\"\t\t\t\t\t\t\t\t\t\t\t\t\t\t\t\tdata-google-map-api=\"AIzaSyARtFR6zbpjGbGNqOSu-MknQYETXvS2cBU\"\t\t\t\t\t\t\t\t\t\t><\/div>\n\t<\/div>\n\t\n<\/div><\/div><\/div><\/div><\/div><\/div>","protected":false},"excerpt":{"rendered":"<p>ileti\u015fime Ge\u00e7Sosyal medyada da aktifiz. bizi bulabilirsin <br \/>\n\t.smicon-read:hover{<br \/>\n\t\tcolor: !important;<br \/>\n\t\tbackground: !important;<br \/>\n\t}<br \/>\n\t.smicon-box .boxes-icon:hover{<br \/>\n\t\tcolor: !important;<br \/>\n\t\tborder-color: !important;<br \/>\n\t\tbackground-color:  !important;<br \/>\n\t}<br \/>\n\t.smicon-box .boxes-icon:hover .icon i{<br \/>\n\t\tcolor: !important;<br \/>\n\t}<br \/>\nYukar\u0131 Sk. NO: 3\/1, 57000 Bostanc\u0131l\u0131\/<br \/>\nSinop Merkez\/Sinop<\/p>\n<p>\n\t.smicon-read:hover{<br \/>\n\t\tcolor: !important;<br \/>\n\t\tbackground: !important;<br \/>\n\t}<br \/>\n\t.smicon-box .boxes-icon:hover{<br \/>\n\t\tcolor: !important;<br \/>\n\t\tborder-color: !important;<br \/>\n\t\tbackground-color:  <\/p>\n","protected":false},"author":1,"featured_media":0,"parent":0,"menu_order":0,"comment_status":"closed","ping_status":"open","template":"","meta":[],"_links":{"self":[{"href":"http:\/\/tekoloji.com\/index.php\/wp-json\/wp\/v2\/pages\/14"}],"collection":[{"href":"http:\/\/tekoloji.com\/index.php\/wp-json\/wp\/v2\/pages"}],"about":[{"href":"http:\/\/tekoloji.com\/index.php\/wp-json\/wp\/v2\/types\/page"}],"author":[{"embeddable":true,"href":"http:\/\/tekoloji.com\/index.php\/wp-json\/wp\/v2\/users\/1"}],"replies":[{"embeddable":true,"href":"http:\/\/tekoloji.com\/index.php\/wp-json\/wp\/v2\/comments?post=14"}],"version-history":[{"count":5,"href":"http:\/\/tekoloji.com\/index.php\/wp-json\/wp\/v2\/pages\/14\/revisions"}],"predecessor-version":[{"id":17562,"href":"http:\/\/tekoloji.com\/index.php\/wp-json\/wp\/v2\/pages\/14\/revisions\/17562"}],"wp:attachment":[{"href":"http:\/\/tekoloji.com\/index.php\/wp-json\/wp\/v2\/media?parent=14"}],"curies":[{"name":"wp","href":"https:\/\/api.w.org\/{rel}","templated":true}]}}